{"id":37,"date":"2026-02-09T11:51:56","date_gmt":"2026-02-09T11:51:56","guid":{"rendered":"https:\/\/researchchemicals.fr\/?post_type=product&#038;p=37"},"modified":"2026-03-10T15:24:28","modified_gmt":"2026-03-10T15:24:28","slug":"4-fma-puur-4-fluorometanfetamina","status":"publish","type":"product","link":"https:\/\/researchchemicals.fr\/es\/producto\/4-fma-puur-4-fluorometanfetamina\/","title":{"rendered":"4-FMA Puur (4-Fluorometanfetamina)"},"content":{"rendered":"<h1><strong><span dir=\"auto\" style=\"vertical-align: inherit;\"><span dir=\"auto\" style=\"vertical-align: inherit;\">4f mph Pure (4-Fluorometanfetamina) - Compuesto qu\u00edmico de investigaci\u00f3n de primera calidad<\/span><\/span><\/strong><\/h1>\n<p data-start=\"7029\" data-end=\"7291\"><strong data-start=\"7029\" data-end=\"7038\">4-FMA<\/strong>, de <strong data-start=\"7043\" data-end=\"7069\">4-Fluorometanfetamina<\/strong>, es een <strong data-start=\"7078\" data-end=\"7112\">medio estimulante sint\u00e9tico<\/strong> uit de <strong data-start=\"7120\" data-end=\"7140\">amfetamineklasse<\/strong>. <span class=\"___SBox_epc1q-ko_ ___SText_zko9t-ko_\" data-ui-name=\"Link.Text\">4 fma kopen<\/span><br data-start=\"7141\" data-end=\"7144\" \/>Se trata de una mejora estructural. <strong data-start=\"7175\" data-end=\"7193\">metanfetamina<\/strong> en <strong data-start=\"7197\" data-end=\"7225\">4-FA (4-Fluoranfetamina)<\/strong> door een <strong data-start=\"7235\" data-end=\"7271\">sustituci\u00f3n de fluorescentes en 4 posiciones<\/strong> van de fenylring.<\/p>\n<p data-start=\"7293\" data-end=\"7565\">Est\u00e1 disponible en <strong data-start=\"7317\" data-end=\"7363\">laboratorio forense y farmacol\u00f3gico<\/strong> como resultado del estudio sobre <strong data-start=\"7397\" data-end=\"7435\">nuevas drogas psicoactivas (NPS)<\/strong>.<br data-start=\"7436\" data-end=\"7439\" \/>4-FMA heeft <strong data-start=\"7451\" data-end=\"7479\">no hay asistencia m\u00e9dica<\/strong> y se ha ampliado para incluir <strong data-start=\"7517\" data-end=\"7564\">tareas anal\u00edticas y de aplicaci\u00f3n de la ciencia<\/strong>.<\/p>\n<hr data-start=\"7567\" data-end=\"7570\" \/>\n<h2 data-start=\"7572\" data-end=\"7619\"><strong data-start=\"7575\" data-end=\"7619\">Soluciones Qu\u00edmicas y Farmacol\u00f3gicas<\/strong><\/h2>\n<p data-start=\"7621\" data-end=\"7646\"><strong data-start=\"7621\" data-end=\"7646\">Informaci\u00f3n adicional:<\/strong><\/p>\n<ul data-start=\"7647\" data-end=\"7909\">\n<li data-start=\"7647\" data-end=\"7706\">\n<p data-start=\"7649\" data-end=\"7706\"><strong data-start=\"7649\" data-end=\"7664\">IUPAC-naam:<\/strong> 1-(4-fluorfenil)-N-metilpropan-2-amina<\/p>\n<\/li>\n<li data-start=\"7707\" data-end=\"7740\">\n<p data-start=\"7709\" data-end=\"7740\"><strong data-start=\"7709\" data-end=\"7729\">Molecuulformula:<\/strong> C10H14FN<\/p>\n<\/li>\n<li data-start=\"7741\" data-end=\"7777\">\n<p data-start=\"7743\" data-end=\"7777\"><strong data-start=\"7743\" data-end=\"7761\">Molecuulmassa:<\/strong> \u00b1167,22 g\/mol<\/p>\n<\/li>\n<li data-start=\"7778\" data-end=\"7831\">\n<p data-start=\"7780\" data-end=\"7831\"><strong data-start=\"7780\" data-end=\"7801\">Chemische klasse:<\/strong> Anfetaminas sustitutivas de la leche<\/p>\n<\/li>\n<li data-start=\"7832\" data-end=\"7909\">\n<p data-start=\"7834\" data-end=\"7909\"><strong data-start=\"7834\" data-end=\"7854\">Receptorwerking:<\/strong> Productor de dopamina, serotonina y noradrenalina.<\/p>\n<\/li>\n<\/ul>\n<p data-start=\"7911\" data-end=\"8076\">En <strong data-start=\"7914\" data-end=\"7934\">fluorsubstitutie<\/strong> la afinidad de uni\u00f3n de los receptores y la lipofilita, lo que resulta interesante para <strong data-start=\"8024\" data-end=\"8075\">estudio de la relaci\u00f3n estructura-actividad (SAR)<\/strong>.<\/p>\n<hr data-start=\"8078\" data-end=\"8081\" \/>\n<h2 data-start=\"8083\" data-end=\"8110\"><strong data-start=\"8086\" data-end=\"8110\">Onderzoeksdoeleinden<\/strong><\/h2>\n<p data-start=\"8112\" data-end=\"8142\">El 4-FMA est\u00e1 destinado a:<\/p>\n<ul data-start=\"8143\" data-end=\"8427\">\n<li data-start=\"8143\" data-end=\"8205\">\n<p data-start=\"8145\" data-end=\"8205\"><strong data-start=\"8145\" data-end=\"8168\">Qu\u00edmica anal\u00edtica:<\/strong> mediante GC-MS, LC-MS y FTIR.<\/p>\n<\/li>\n<li data-start=\"8206\" data-end=\"8277\">\n<p data-start=\"8208\" data-end=\"8277\"><strong data-start=\"8208\" data-end=\"8236\">Toxicolog\u00eda forense:<\/strong> identificaci\u00f3n en monstruos biol\u00f3gicos.<\/p>\n<\/li>\n<li data-start=\"8278\" data-end=\"8339\">\n<p data-start=\"8280\" data-end=\"8339\"><strong data-start=\"8280\" data-end=\"8297\">Farmacolog\u00eda:<\/strong> study van monoaminetransporterwerking.<\/p>\n<\/li>\n<li data-start=\"8340\" data-end=\"8427\">\n<p data-start=\"8342\" data-end=\"8427\"><strong data-start=\"8342\" data-end=\"8362\">Volksgezondheid:<\/strong> ondersteuning van waarschuwingssystemen voor stimulerende NPS. <span class=\"___SBox_epc1q-ko_ ___SText_zko9t-ko_\" data-ui-name=\"Link.Text\">4 fma kopen<\/span><\/p>\n<\/li>\n<\/ul>\n<hr data-start=\"8429\" data-end=\"8432\" \/>\n<h2 data-start=\"8434\" data-end=\"8478\"><strong data-start=\"8437\" data-end=\"8478\">Veiligheid en Wettelijke Overwegingen<\/strong><\/h2>\n<p data-start=\"8480\" data-end=\"8497\"><strong data-start=\"8480\" data-end=\"8495\">Veiligheid:<\/strong><\/p>\n<ul data-start=\"8498\" data-end=\"8675\">\n<li data-start=\"8498\" data-end=\"8556\">\n<p data-start=\"8500\" data-end=\"8556\">Allleen hanteren door <strong data-start=\"8521\" data-end=\"8553\">proveedores de servicios de calidad<\/strong>.<\/p>\n<\/li>\n<li data-start=\"8557\" data-end=\"8622\">\n<p data-start=\"8559\" data-end=\"8622\">Visite <strong data-start=\"8567\" data-end=\"8619\">manos secas, ropa interior y laboratorio<\/strong>.<\/p>\n<\/li>\n<li data-start=\"8623\" data-end=\"8675\">\n<p data-start=\"8625\" data-end=\"8675\">Trabajar en una empresa <strong data-start=\"8640\" data-end=\"8653\">afzuigkap<\/strong> y p\u00f3ngase en contacto con nosotros.<\/p>\n<\/li>\n<\/ul>\n<p data-start=\"8677\" data-end=\"8884\"><strong data-start=\"8677\" data-end=\"8699\">Wettelijke status:<\/strong><br data-start=\"8699\" data-end=\"8702\" \/>4-FMA est\u00e1 en la mayor\u00eda de los pa\u00edses <strong data-start=\"8731\" data-end=\"8758\">verboden of gereguleerd<\/strong> onder de <strong data-start=\"8768\" data-end=\"8780\">Opiumwet<\/strong> de <strong data-start=\"8784\" data-end=\"8818\">psychoactieve stoffenwetgeving<\/strong>.<br data-start=\"8819\" data-end=\"8822\" \/>El uso de la contrase\u00f1a para acceder al sitio web es <strong data-start=\"8870\" data-end=\"8883\">strafbaar<\/strong>.<\/p>\n<hr data-start=\"8886\" data-end=\"8889\" \/>\n<h2 data-start=\"8891\" data-end=\"8925\"><strong data-start=\"8894\" data-end=\"8925\">Preguntas m\u00e1s frecuentes (FAQ)<\/strong><\/h2>\n<h3 data-start=\"8927\" data-end=\"8970\"><strong data-start=\"8931\" data-end=\"8970\">1. \u00bfDe d\u00f3nde procede la 4-FMA?<\/strong><\/h3>\n<p data-start=\"8971\" data-end=\"9056\">Para <strong data-start=\"8976\" data-end=\"9030\">investigaci\u00f3n forense, anal\u00edtica y farmacol\u00f3gica<\/strong> naar amfetamine-analogen.<\/p>\n<h3 data-start=\"9058\" data-end=\"9085\"><strong data-start=\"9062\" data-end=\"9085\">2. \u00bfEs legal la 4-FMA?<\/strong><\/h3>\n<p data-start=\"9086\" data-end=\"9148\">Nee, 4-FMA is in de meeste landen <strong data-start=\"9120\" data-end=\"9147\">gereguleerd of verboden<\/strong>.<\/p>\n<h3 data-start=\"9150\" data-end=\"9201\"><strong data-start=\"9154\" data-end=\"9201\">3. \u00bfC\u00f3mo debe protegerse el 4-FMA?<\/strong><\/h3>\n<p data-start=\"9202\" data-end=\"9316\">Puerta Alleen <strong data-start=\"9214\" data-end=\"9244\">investigadores profesionales<\/strong> met de juiste <strong data-start=\"9259\" data-end=\"9285\">veiligheidsmaatregelen<\/strong> in gecontroleerde laboratoria.<\/p>","protected":false},"excerpt":{"rendered":"<ul>\n<li><strong><span dir=\"auto\" style=\"vertical-align: inherit;\"><span dir=\"auto\" style=\"vertical-align: inherit;\">Stability<\/span><\/span><\/strong><span dir=\"auto\" style=\"vertical-align: inherit;\"><span dir=\"auto\" style=\"vertical-align: inherit;\"> : 36 months at -20\u00b0C<\/span><\/span><\/li>\n<li><strong><span dir=\"auto\" style=\"vertical-align: inherit;\"><span dir=\"auto\" style=\"vertical-align: inherit;\">Compatibility<\/span><\/span><\/strong><span dir=\"auto\" style=\"vertical-align: inherit;\"><span dir=\"auto\" style=\"vertical-align: inherit;\"> : Suitable for common buffers<\/span><\/span><\/li>\n<li><strong><span dir=\"auto\" style=\"vertical-align: inherit;\"><span dir=\"auto\" style=\"vertical-align: inherit;\">Use<\/span><\/span><\/strong><span dir=\"auto\" style=\"vertical-align: inherit;\"><span dir=\"auto\" style=\"vertical-align: inherit;\"> : Under extractor hood or fume cupboard<\/span><\/span><\/li>\n<li><strong><span dir=\"auto\" style=\"vertical-align: inherit;\"><span dir=\"auto\" style=\"vertical-align: inherit;\">Storage<\/span><\/span><\/strong><span dir=\"auto\" style=\"vertical-align: inherit;\"><span dir=\"auto\" style=\"vertical-align: inherit;\"> : Recommended under inert gas<\/span><\/span><\/li>\n<\/ul>","protected":false},"featured_media":16870,"comment_status":"closed","ping_status":"closed","template":"","meta":[],"product_brand":[23],"product_cat":[89,17,32],"product_tag":[90,91,1016,92,22],"class_list":{"0":"post-37","1":"product","2":"type-product","3":"status-publish","4":"has-post-thumbnail","6":"product_brand-research-chemical","7":"product_cat-4-fma","8":"product_cat-bijna-verboden","9":"product_cat-gefluoreerden","10":"product_tag-4-fma-kopen","11":"product_tag-4-fma","12":"product_tag-4-fma-puur","13":"product_tag-4f-mph","14":"product_tag-nl","16":"first","17":"instock","18":"shipping-taxable","19":"purchasable","20":"product-type-variable"},"_links":{"self":[{"href":"https:\/\/researchchemicals.fr\/es\/wp-json\/wp\/v2\/product\/37","targetHints":{"allow":["GET"]}}],"collection":[{"href":"https:\/\/researchchemicals.fr\/es\/wp-json\/wp\/v2\/product"}],"about":[{"href":"https:\/\/researchchemicals.fr\/es\/wp-json\/wp\/v2\/types\/product"}],"replies":[{"embeddable":true,"href":"https:\/\/researchchemicals.fr\/es\/wp-json\/wp\/v2\/comments?post=37"}],"version-history":[{"count":1,"href":"https:\/\/researchchemicals.fr\/es\/wp-json\/wp\/v2\/product\/37\/revisions"}],"predecessor-version":[{"id":16748,"href":"https:\/\/researchchemicals.fr\/es\/wp-json\/wp\/v2\/product\/37\/revisions\/16748"}],"wp:featuredmedia":[{"embeddable":true,"href":"https:\/\/researchchemicals.fr\/es\/wp-json\/wp\/v2\/media\/16870"}],"wp:attachment":[{"href":"https:\/\/researchchemicals.fr\/es\/wp-json\/wp\/v2\/media?parent=37"}],"wp:term":[{"taxonomy":"product_brand","embeddable":true,"href":"https:\/\/researchchemicals.fr\/es\/wp-json\/wp\/v2\/product_brand?post=37"},{"taxonomy":"product_cat","embeddable":true,"href":"https:\/\/researchchemicals.fr\/es\/wp-json\/wp\/v2\/product_cat?post=37"},{"taxonomy":"product_tag","embeddable":true,"href":"https:\/\/researchchemicals.fr\/es\/wp-json\/wp\/v2\/product_tag?post=37"}],"curies":[{"name":"wp","href":"https:\/\/api.w.org\/{rel}","templated":true}]}}