{"id":1281,"date":"2026-02-09T11:56:13","date_gmt":"2026-02-09T11:56:13","guid":{"rendered":"https:\/\/researchchemicals.fr\/?post_type=product&#038;p=1281"},"modified":"2026-02-13T11:25:46","modified_gmt":"2026-02-13T11:25:46","slug":"digitalna-mini-vaga","status":"publish","type":"product","link":"https:\/\/researchchemicals.fr\/hr\/proizvod\/digitalna-mini-vaga\/","title":{"rendered":"Digitalna Bio mini vaga \u2013 20 g x 0,001 g"},"content":{"rendered":"<h3 data-start=\"4064\" data-end=\"4085\"><strong data-start=\"4068\" data-end=\"4083\">Uvod<\/strong><\/h3>\n<p data-start=\"4086\" data-end=\"4354\">Od <strong data-start=\"4089\" data-end=\"4136\">Digitalna Bio mini vaga \u2013 20 g x 0,001 g<\/strong> je <strong data-start=\"4144\" data-end=\"4180\">profesionalna vaga za preciznost<\/strong> dizajnirano za primjene gdje je potrebna iznimna preciznost, kao \u0161to su <strong data-start=\"4256\" data-end=\"4281\">laboratorijsko testiranje<\/strong>, <strong data-start=\"4283\" data-end=\"4304\">kemijska analiza<\/strong>, <strong data-start=\"4306\" data-end=\"4330\">biolo\u0161ka istra\u017eivanja<\/strong> u <strong data-start=\"4334\" data-end=\"4351\">rad u draguljarstvu<\/strong>.<\/p>\n<p data-start=\"4356\" data-end=\"4670\">S <strong data-start=\"4364\" data-end=\"4394\">nosivost 20 grama<\/strong> i jedan <strong data-start=\"4402\" data-end=\"4445\">to\u010dnost od 0,001 g (1 miligram)<\/strong> nudi ovu mini skalu <strong data-start=\"4473\" data-end=\"4504\">preciznost laboratorijske kvalitete<\/strong> u <strong data-start=\"4512\" data-end=\"4544\">kompaktan i prenosiv dizajn<\/strong>. Od <strong data-start=\"4549\" data-end=\"4578\">Platna za vaganje od nehr\u0111aju\u0107eg \u010delika<\/strong> i <strong data-start=\"4586\" data-end=\"4608\">svijetao LCD zaslon<\/strong> Osigurati jasna, stabilna mjerenja u bilo kojem okru\u017eenju.<\/p>\n<blockquote data-start=\"4672\" data-end=\"4784\">\n<p data-start=\"4674\" data-end=\"4784\">\u2699\ufe0f <strong data-start=\"4677\" data-end=\"4784\">Idealno za laboratorije, biokemijska istra\u017eivanja ili znanost o materijalima koja zahtijevaju preciznost na razini miligrama.<\/strong><\/p>\n<\/blockquote>\n<hr data-start=\"4786\" data-end=\"4789\" \/>\n<h3 data-start=\"4791\" data-end=\"4822\"><strong data-start=\"4795\" data-end=\"4822\">Klju\u010dne zna\u010dajke<\/strong><\/h3>\n<div class=\"_tableContainer_1rjym_1\">\n<div class=\"group _tableWrapper_1rjym_13 flex w-fit flex-col-reverse\" tabindex=\"-1\">\n<table class=\"w-fit min-w-(--thread-content-width)\" data-start=\"4824\" data-end=\"5359\">\n<thead data-start=\"4824\" data-end=\"4850\">\n<tr data-start=\"4824\" data-end=\"4850\">\n<th data-start=\"4824\" data-end=\"4834\" data-col-size=\"sm\">Karakteristi\u010dan<\/th>\n<th data-start=\"4834\" data-end=\"4850\" data-col-size=\"md\">Opis<\/th>\n<\/tr>\n<\/thead>\n<tbody data-start=\"4879\" data-end=\"5359\">\n<tr data-start=\"4879\" data-end=\"4923\">\n<td data-start=\"4879\" data-end=\"4891\" data-col-size=\"sm\"><strong data-start=\"4881\" data-end=\"4890\">Model<\/strong><\/td>\n<td data-start=\"4891\" data-end=\"4923\" data-col-size=\"md\">Digitalna Bio Mini Vaga<\/td>\n<\/tr>\n<tr data-start=\"4924\" data-end=\"4957\">\n<td data-start=\"4924\" data-end=\"4941\" data-col-size=\"sm\"><strong data-start=\"4926\" data-end=\"4940\">Opseg mjerenja<\/strong><\/td>\n<td data-start=\"4941\" data-end=\"4957\" data-col-size=\"md\">0,001 g \u2013 20 g<\/td>\n<\/tr>\n<tr data-start=\"4958\" data-end=\"5004\">\n<td data-start=\"4958\" data-end=\"4979\" data-col-size=\"sm\"><strong data-start=\"4960\" data-end=\"4978\">To\u010dnost<\/strong><\/td>\n<td data-start=\"4979\" data-end=\"5004\" data-col-size=\"md\">\u00b10,001 g (1 miligram)<\/td>\n<\/tr>\n<tr data-start=\"5005\" data-end=\"5067\">\n<td data-start=\"5005\" data-end=\"5019\" data-col-size=\"sm\"><strong data-start=\"5007\" data-end=\"5018\">Prikaz<\/strong><\/td>\n<td data-start=\"5019\" data-end=\"5067\" data-col-size=\"md\">Jasan LCD zaslon s pozadinskim osvjetljenjem<\/td>\n<\/tr>\n<tr data-start=\"5068\" data-end=\"5106\">\n<td data-start=\"5068\" data-end=\"5084\" data-col-size=\"sm\"><strong data-start=\"5070\" data-end=\"5083\">Meetunits<\/strong><\/td>\n<td data-start=\"5084\" data-end=\"5106\" data-col-size=\"md\">g, oz, ct, gn, dwt<\/td>\n<\/tr>\n<tr data-start=\"5107\" data-end=\"5151\">\n<td data-start=\"5107\" data-end=\"5126\" data-col-size=\"sm\"><strong data-start=\"5109\" data-end=\"5125\">Platforma za vaganje<\/strong><\/td>\n<td data-start=\"5126\" data-end=\"5151\" data-col-size=\"md\">Lijevano \u017eeljezo<\/td>\n<\/tr>\n<tr data-start=\"5152\" data-end=\"5201\">\n<td data-start=\"5152\" data-end=\"5166\" data-col-size=\"sm\"><strong data-start=\"5154\" data-end=\"5165\">Prehrana<\/strong><\/td>\n<td data-start=\"5166\" data-end=\"5201\" data-col-size=\"md\">2 \u00d7 AAA baterije (uklju\u010dene)<\/td>\n<\/tr>\n<tr data-start=\"5202\" data-end=\"5243\">\n<td data-start=\"5202\" data-end=\"5216\" data-col-size=\"sm\"><strong data-start=\"5204\" data-end=\"5215\">Dizajn<\/strong><\/td>\n<td data-start=\"5216\" data-end=\"5243\" data-col-size=\"md\">Kompaktan i lagan<\/td>\n<\/tr>\n<tr data-start=\"5244\" data-end=\"5306\">\n<td data-start=\"5244\" data-end=\"5277\" data-col-size=\"sm\"><strong data-start=\"5246\" data-end=\"5276\">Automatsko isklju\u010divanje<\/strong><\/td>\n<td data-start=\"5277\" data-end=\"5306\" data-col-size=\"md\">Funkcija u\u0161tede energije<\/td>\n<\/tr>\n<tr data-start=\"5307\" data-end=\"5359\">\n<td data-start=\"5307\" data-end=\"5325\" data-col-size=\"sm\"><strong data-start=\"5309\" data-end=\"5324\">Za\u0161titna kapa<\/strong><\/td>\n<td data-start=\"5325\" data-end=\"5359\" data-col-size=\"md\">\u0160titi od pra\u0161ine i o\u0161te\u0107enja<\/td>\n<\/tr>\n<\/tbody>\n<\/table>\n<\/div>\n<\/div>\n<hr data-start=\"5361\" data-end=\"5364\" \/>\n<h3 data-start=\"5366\" data-end=\"5383\"><strong data-start=\"5370\" data-end=\"5383\">Pogodnosti<\/strong><\/h3>\n<ul data-start=\"5385\" data-end=\"5857\">\n<li data-start=\"5385\" data-end=\"5477\">\n<p data-start=\"5387\" data-end=\"5477\"><strong data-start=\"5387\" data-end=\"5409\">Izuzetno precizno<\/strong> \u2013 Te\u017ei do 0,001 g za laboratorijska i biolo\u0161ka istra\u017eivanja.<\/p>\n<\/li>\n<li data-start=\"5478\" data-end=\"5551\">\n<p data-start=\"5480\" data-end=\"5551\"><strong data-start=\"5480\" data-end=\"5503\">Prijenosno i kompaktno<\/strong> \u2013 Idealno za upotrebu u laboratoriju ili u pokretu.<\/p>\n<\/li>\n<li data-start=\"5552\" data-end=\"5616\">\n<p data-start=\"5554\" data-end=\"5616\"><strong data-start=\"5554\" data-end=\"5574\">Odr\u017eivi dizajn<\/strong> \u2013 RVS vaga\u010dka plo\u010da za dugotrajnu upotrebu.<\/p>\n<\/li>\n<li data-start=\"5617\" data-end=\"5711\">\n<p data-start=\"5619\" data-end=\"5711\"><strong data-start=\"5619\" data-end=\"5649\">Razli\u010dite mjerne jedinice<\/strong> \u2013 Lako prebacujte izme\u0111u grama, unci, karata i jo\u0161 mnogo toga.<\/p>\n<\/li>\n<li data-start=\"5712\" data-end=\"5785\">\n<p data-start=\"5714\" data-end=\"5785\"><strong data-start=\"5714\" data-end=\"5737\">Prilago\u0111en korisniku<\/strong> \u2013 Jednostavno za kori\u0161tenje s jasnim LCD zaslonom.<\/p>\n<\/li>\n<li data-start=\"5786\" data-end=\"5857\">\n<p data-start=\"5788\" data-end=\"5857\"><strong data-start=\"5788\" data-end=\"5808\">\u0160tednja energije<\/strong> \u2013 Automatsko isklju\u010divanje kada se ne koristi.<\/p>\n<\/li>\n<\/ul>\n<hr data-start=\"5859\" data-end=\"5862\" \/>\n<h3 data-start=\"5864\" data-end=\"5879\"><strong data-start=\"5868\" data-end=\"5879\">Upotreba<\/strong><\/h3>\n<ol data-start=\"5881\" data-end=\"6311\">\n<li data-start=\"5881\" data-end=\"5966\">\n<p data-start=\"5884\" data-end=\"5966\"><strong data-start=\"5884\" data-end=\"5916\">Postavite na ravnu povr\u0161inu<\/strong> \u2013 Koristiti na stabilnom stolu bez vibracija.<\/p>\n<\/li>\n<li data-start=\"5967\" data-end=\"6058\">\n<p data-start=\"5970\" data-end=\"6058\"><strong data-start=\"5970\" data-end=\"5996\">Kalibrirajte prije upotrebe<\/strong> \u2013 Kalibrirajte koriste\u0107i prilo\u017eenu te\u017einu (ako je dostupna).<\/p>\n<\/li>\n<li data-start=\"6059\" data-end=\"6129\">\n<p data-start=\"6062\" data-end=\"6129\"><strong data-start=\"6062\" data-end=\"6083\">Odabir jedinice<\/strong> \u2013 Odaberite izme\u0111u grama, unci, karata ili graina.<\/p>\n<\/li>\n<li data-start=\"6130\" data-end=\"6225\">\n<p data-start=\"6133\" data-end=\"6225\"><strong data-start=\"6133\" data-end=\"6160\">Koristite funkciju TARE<\/strong> \u2013 Postavite te\u017einu spremnika na nulu za to\u010dna mjerenja.<\/p>\n<\/li>\n<li data-start=\"6226\" data-end=\"6311\">\n<p data-start=\"6229\" data-end=\"6311\"><strong data-start=\"6229\" data-end=\"6249\">Pa\u017eljivo vaganje<\/strong> \u2013 Dodajte materijal postupno dok se ne postigne \u017eeljena te\u017eina.<\/p>\n<\/li>\n<\/ol>\n<hr data-start=\"6313\" data-end=\"6316\" \/>\n<h3 data-start=\"6318\" data-end=\"6353\"><strong data-start=\"6322\" data-end=\"6351\">\u010cesto postavljana pitanja (FAQ)<\/strong><\/h3>\n<p data-start=\"6355\" data-end=\"6543\"><strong data-start=\"6355\" data-end=\"6414\">1. \u0160to Digital Bio Mini Scale \u010dini posebnima?<\/strong><br data-start=\"6414\" data-end=\"6417\" \/>Ova ljestvica nudi <strong data-start=\"6443\" data-end=\"6466\">to\u010dnost od 0,001 g<\/strong>, \u0161to <strong data-start=\"6472\" data-end=\"6498\">mnogo to\u010dnije<\/strong> nego standardne mini vage (0,01 g).<\/p>\n<p data-start=\"6545\" data-end=\"6685\"><strong data-start=\"6545\" data-end=\"6594\">2. Je li ovo pogodno za laboratorijsku upotrebu?<\/strong><br data-start=\"6594\" data-end=\"6597\" \/>Ja \u2014 vaga je dizajnirana za <strong data-start=\"6634\" data-end=\"6682\">biolo\u0161ka, kemijska i analiti\u010dka istra\u017eivanja<\/strong>.<\/p>\n<p data-start=\"6687\" data-end=\"6849\"><strong data-start=\"6687\" data-end=\"6745\">3. Jesu li baterije i kalibracijske utege uklju\u010deni?<\/strong><br data-start=\"6745\" data-end=\"6748\" \/>Da, vage dolaze s <strong data-start=\"6785\" data-end=\"6807\">2 \u00d7 AAA baterije<\/strong> i mogu\u0107e a <strong data-start=\"6825\" data-end=\"6846\">kalibracijska uteg<\/strong>.<\/p>","protected":false},"excerpt":{"rendered":"<p><strong><span dir=\"auto\" style=\"vertical-align: inherit;\"><span dir=\"auto\" style=\"vertical-align: inherit;\">Specifications:<\/span><\/span><\/strong><\/p>\n<ul>\n<li><span dir=\"auto\" style=\"vertical-align: inherit;\"><span dir=\"auto\" style=\"vertical-align: inherit;\">Digital<\/span><\/span><\/li>\n<li><span dir=\"auto\" style=\"vertical-align: inherit;\"><span dir=\"auto\" style=\"vertical-align: inherit;\">Weighs from 0.001g<\/span><\/span><\/li>\n<li><span dir=\"auto\" style=\"vertical-align: inherit;\"><span dir=\"auto\" style=\"vertical-align: inherit;\">Weighs max. 20g<\/span><\/span><\/li>\n<li><span dir=\"auto\" style=\"vertical-align: inherit;\"><span dir=\"auto\" style=\"vertical-align: inherit;\">Works on: 2x AAA batteries<\/span><\/span><\/li>\n<li><span dir=\"auto\" style=\"vertical-align: inherit;\"><span dir=\"auto\" style=\"vertical-align: inherit;\">LCD display<\/span><\/span><\/li>\n<li><span dir=\"auto\" style=\"vertical-align: inherit;\"><span dir=\"auto\" style=\"vertical-align: inherit;\">Color: black<\/span><\/span><\/li>\n<\/ul>","protected":false},"featured_media":1298,"comment_status":"closed","ping_status":"closed","template":"","meta":[],"product_brand":[],"product_cat":[452],"product_tag":[396,585,453,454,456,457,458],"class_list":{"0":"post-1281","1":"product","2":"type-product","3":"status-publish","4":"has-post-thumbnail","6":"product_cat-weegschaal","7":"product_tag-de","8":"product_tag-digitale-bio-mini-weegschaal","9":"product_tag-digitale-cs-weegschaal","10":"product_tag-digitale-microweegschaal","11":"product_tag-milligramweegschaal","12":"product_tag-precise-weegschaal-0-001g","13":"product_tag-weegschaal-voor-research-chemicals","15":"first","16":"instock","17":"shipping-taxable","18":"purchasable","19":"product-type-simple"},"_links":{"self":[{"href":"https:\/\/researchchemicals.fr\/hr\/wp-json\/wp\/v2\/product\/1281","targetHints":{"allow":["GET"]}}],"collection":[{"href":"https:\/\/researchchemicals.fr\/hr\/wp-json\/wp\/v2\/product"}],"about":[{"href":"https:\/\/researchchemicals.fr\/hr\/wp-json\/wp\/v2\/types\/product"}],"replies":[{"embeddable":true,"href":"https:\/\/researchchemicals.fr\/hr\/wp-json\/wp\/v2\/comments?post=1281"}],"version-history":[{"count":1,"href":"https:\/\/researchchemicals.fr\/hr\/wp-json\/wp\/v2\/product\/1281\/revisions"}],"predecessor-version":[{"id":16535,"href":"https:\/\/researchchemicals.fr\/hr\/wp-json\/wp\/v2\/product\/1281\/revisions\/16535"}],"wp:featuredmedia":[{"embeddable":true,"href":"https:\/\/researchchemicals.fr\/hr\/wp-json\/wp\/v2\/media\/1298"}],"wp:attachment":[{"href":"https:\/\/researchchemicals.fr\/hr\/wp-json\/wp\/v2\/media?parent=1281"}],"wp:term":[{"taxonomy":"product_brand","embeddable":true,"href":"https:\/\/researchchemicals.fr\/hr\/wp-json\/wp\/v2\/product_brand?post=1281"},{"taxonomy":"product_cat","embeddable":true,"href":"https:\/\/researchchemicals.fr\/hr\/wp-json\/wp\/v2\/product_cat?post=1281"},{"taxonomy":"product_tag","embeddable":true,"href":"https:\/\/researchchemicals.fr\/hr\/wp-json\/wp\/v2\/product_tag?post=1281"}],"curies":[{"name":"wp","href":"https:\/\/api.w.org\/{rel}","templated":true}]}}